{"id":7170,"date":"2023-10-02T23:26:13","date_gmt":"2023-10-02T21:26:13","guid":{"rendered":"https:\/\/divingbled.com\/politika-zasebnosti-clone\/"},"modified":"2023-10-02T23:48:35","modified_gmt":"2023-10-02T21:48:35","slug":"pogoji-poslovanja","status":"publish","type":"page","link":"https:\/\/divingbled.com\/sl\/pogoji-poslovanja\/","title":{"rendered":"Pogoji Poslovanja"},"content":{"rendered":"\n<h4>1. Splo\u0161no<\/h4>\n\n\n\n<p>Splo\u0161ni pogoji poslovanja Potaplja\u0161kega kluba Zaka Sub Bled (v nadaljevanju besedila: <strong>Splo\u0161ni pogoji<\/strong>)<br>se nana\u0161ajo na slede\u010de potaplja\u0161ke dejavnostjo (v nadaljevanju besedila: <strong>Dejavnost<\/strong>):<\/p>\n\n\n\n<ul><li>izobra\u017eevalni potaplja\u0161ki te\u010daji (v nadaljevanju besedila: <strong>Te\u010daji<\/strong>) in<\/li><li>potaplja\u0161ki izleti in potovanja (v nadaljevanju besedila: <strong>Izleti in Potovanja<\/strong>),<\/li><\/ul>\n\n\n\n<p>ki jih organizira Potaplja\u0161ki klub Zaka Sub Bled (v nadaljevanju besedila: <strong>Organizator<\/strong>).<\/p>\n\n\n\n<p>Te\u010daji veljajo za vse vrste udele\u017eencev (v nadaljevanju besedila: <strong>Udele\u017eenci<\/strong>), izleti in potovanja pa<br>samo za \u010dlane kluba PK Zaka Sub Bled (v nadaljevanju besedila: <strong>\u010clani<\/strong>).<br>Dejavnosti so informativne narave, Organizator ne daje nobenih jamstev ali garancije o rezultatih, z<br>izjemo organizacije <em>Te\u010dajev<\/em>.<\/p>\n\n\n\n<p>V primeru kakr\u0161nihkoli vpra\u0161anj v zvezi s temi Splo\u0161nimi pogoji in Dejavnostmi se lahko obrnete na<br>Organizatorjev kontakt:<\/p>\n\n\n\n<p>e\u2010naslov: Divingbled@gmail.com (v nadaljevanju besedila: E\u2010naslov)<br>tel. \u0161t. : +386 40 422 407 (v nadaljevanju besedila: Telefon)<\/p>\n\n\n\n<h4>2. Osnovni pojmi<\/h4>\n\n\n\n<p><strong><em>Organizator<\/em><\/strong> je Potaplja\u0161ki klub Zaka Sub Bled, Kidri\u010deva cesta 10c, 4260 Bled, dav\u010dna \u0161t. 95713069,<br>mati\u010dna \u0161t. 4053397000, spletna stran: www.divingbled.com, katerega predstavnik izpolnjuje vse<br>pogoje za izvajanje zgoraj na\u0161tetih dejavnosti.<\/p>\n\n\n\n<p><strong><em>Udele\u017eenec<\/em><\/strong> je fizi\u010dna ali pravna oseba, ki se udele\u017ei Te\u010daja.<\/p>\n\n\n\n<p><strong><em>\u010clan<\/em><\/strong> je fizi\u010dna oseba, ki se v\u010dlani v Potaplja\u0161ki klub Zaka Sub Bled (izpolni fizi\u010dni ali spletni obrazec na<br>spletni strani Organizatorja) in pla\u010duje letno \u010dlanarino. \u010clanstvo se preneha z nepla\u010dilom \u010dlanarine.<br>\u010clan se lahko udele\u017euje vseh Dejavnosti Organizatorja.<\/p>\n\n\n\n<p><strong><em>Dejavnost<\/em><\/strong> je vsaka od zgoraj navedenih aktivnosti Organizatorja.<\/p>\n\n\n\n<p><strong><em>SSI<\/em><\/strong> \u2013 mednarodna potaplja\u0161ka \u0161ola Scuba School International, po programu katere Organizator izvaja<br>Te\u010daje in katera izdaja licence po uspe\u0161no opravljenih Te\u010dajih.<\/p>\n\n\n\n<h4>3. Organizacija dejavnosti<\/h4>\n\n\n\n<p>Na vse Dejavnosti se lahko prijavijo polnoletne osebe in mladoletne osebe v spremstvu star\u0161ev ali<br>skrbnikov.<\/p>\n\n\n\n<p>Prijava na vse Dejavnosti se izvede preko e\u2010naslova.<\/p>\n\n\n\n<p>Organizator si pridru\u017euje pravico do odpovedi <em>Dejavnosti<\/em> brez obrazlo\u017eitve, to velja tudi v primeru, da<br>je <em>Udele\u017eenec<\/em> \/ <em>\u010clan<\/em> \u017ee nakazal denar. V tem primeru <em>Organizator<\/em> denar vrne.<\/p>\n\n\n\n<h5>3.1 Te\u010daji<\/h5>\n\n\n\n<p>Te\u010daji potekajo po programu SSI, katera izdaja veljavne mednarodne licence, ob izpolnitvi vseh<br>predpisanih standardov \u0161ole, po kateri se program izvaja. Organizator se obvezuje, da bo upo\u0161teval in<br>sledil vsem standardom, ki jih narekuje <em>SSI<\/em>.<\/p>\n\n\n\n<p>Udele\u017eenci zaradi evidence <em>Organizatorja<\/em>, prostovoljno posredujejo svoje osebne podatke. Osebni<br>podatki iz elektronskega naslova in osebni podatki za osebni karton so za interno uporabo<br><em>Organizatorja<\/em>.<\/p>\n\n\n\n<p>V elektronsko bazo SSI se posreduje:<\/p>\n\n\n\n<ul><li>ime in priimek,<\/li><li>rojstni podatki,<\/li><li>naslov,<\/li><li>elektronska po\u0161ta,<\/li><li>telefonska \u0161tevilka.<\/li><\/ul>\n\n\n\n<p>Podatki so namenjeni izdelavi mednarodne potaplja\u0161ke izkaznice v fizi\u010dni in elektronski obliki.<\/p>\n\n\n\n<p>Prijava na <em>Te\u010daje<\/em> se izvede lahko tudi preko sms sporo\u010dila <em>Organizatorju<\/em>.<\/p>\n\n\n\n<p>Pla\u010dilo <em>Te\u010daja<\/em> se izvede na podlagi elektronskega obvestila z navedbo pla\u010dilnih pogojev, ki ga<br><em>Organizator<\/em> po\u0161lje vsem prijavljenim Udele\u017eencem.<\/p>\n\n\n\n<p><em>Udele\u017eenec<\/em> lahko odstopi od <em>Te\u010daja<\/em> 14 dni pred terminom za\u010detka <em>Te\u010daja<\/em>, oz. preden prejme <em>SSI<\/em> on\u2010<br>line gradivo. V primeru kasnej\u0161e odpovedi <em>Organizator<\/em> <em>Udele\u017eencu<\/em> zara\u010duna pla\u010dilo Te\u010daja v celoti.<\/p>\n\n\n\n<h5>3.2 Izleti in potovanja<\/h5>\n\n\n\n<p>Na <em>Izlete In Potovanja<\/em> se lahko prijavijo samo <em>\u010clani<\/em>.<\/p>\n\n\n\n<p>Prijava na <em>Izlete In Potovanja<\/em> se izvede preko <em>E\u2010naslova<\/em>.<\/p>\n\n\n\n<p>Pla\u010dilo (delno in v celoti) se izvede na podlagi elektronskega obvestila z navedbo pla\u010dilnih pogojev, ki<br>ga <em>Organizator<\/em> po\u0161lje vsem prijavljenim <em>\u010clanom<\/em>.<\/p>\n\n\n\n<p>Odpoved <em>Izleta In Potovanja<\/em> <em>Organizator<\/em> upo\u0161teva vse do datuma pla\u010dila (delnega ali v celoti).<\/p>\n\n\n\n<p>Odpoved se lahko izvede ustno, pisno na <em>Organizatorjev<\/em> Telefon z sms sporo\u010dilom ali <em>E\u2010naslov<\/em>.<\/p>\n\n\n\n<p>V primeru kasnej\u0161e odpovedi <em>Organizator<\/em> <em>\u010clanu<\/em> zara\u010duna pla\u010dilo v celoti.<\/p>\n\n\n\n<h4>4. Zaklju\u010dek<\/h4>\n\n\n\n<p>Splo\u0161ni pogoji predstavljajo pogodbo med <em>Organizatorjem<\/em> in <em>Udele\u017eencem \/ \u010clanom<\/em>.<\/p>\n\n\n\n<p>Splo\u0161ni pogoji so objavljeni na spletni strani <em>Organizatorja<\/em>, ravno tako vsaka sprememba, ki jo<br><em>Organizator<\/em> naredi.<\/p>\n","protected":false},"excerpt":{"rendered":"<p>1. Splo\u0161no Splo\u0161ni pogoji poslovanja Potaplja\u0161kega kluba Zaka Sub Bled (v nadaljevanju besedila: Splo\u0161ni pogoji)se nana\u0161ajo na slede\u010de potaplja\u0161ke dejavnostjo (v nadaljevanju besedila: Dejavnost): izobra\u017eevalni potaplja\u0161ki te\u010daji (v nadaljevanju besedila: Te\u010daji) in potaplja\u0161ki izleti in potovanja (v nadaljevanju besedila: Izleti in Potovanja), ki jih organizira Potaplja\u0161ki klub Zaka Sub Bled (v nadaljevanju besedila: Organizator). Te\u010daji &hellip;<\/p>\n<p class=\"read-more\"> <a class=\"\" href=\"https:\/\/divingbled.com\/sl\/pogoji-poslovanja\/\"> <span class=\"screen-reader-text\">Pogoji Poslovanja<\/span> Read More &raquo;<\/a><\/p>\n","protected":false},"author":1,"featured_media":0,"parent":0,"menu_order":0,"comment_status":"closed","ping_status":"closed","template":"","meta":[],"_links":{"self":[{"href":"https:\/\/divingbled.com\/sl\/wp-json\/wp\/v2\/pages\/7170"}],"collection":[{"href":"https:\/\/divingbled.com\/sl\/wp-json\/wp\/v2\/pages"}],"about":[{"href":"https:\/\/divingbled.com\/sl\/wp-json\/wp\/v2\/types\/page"}],"author":[{"embeddable":true,"href":"https:\/\/divingbled.com\/sl\/wp-json\/wp\/v2\/users\/1"}],"replies":[{"embeddable":true,"href":"https:\/\/divingbled.com\/sl\/wp-json\/wp\/v2\/comments?post=7170"}],"version-history":[{"count":12,"href":"https:\/\/divingbled.com\/sl\/wp-json\/wp\/v2\/pages\/7170\/revisions"}],"predecessor-version":[{"id":7194,"href":"https:\/\/divingbled.com\/sl\/wp-json\/wp\/v2\/pages\/7170\/revisions\/7194"}],"wp:attachment":[{"href":"https:\/\/divingbled.com\/sl\/wp-json\/wp\/v2\/media?parent=7170"}],"curies":[{"name":"wp","href":"https:\/\/api.w.org\/{rel}","templated":true}]}}