{"id":3,"date":"2020-09-10T10:46:57","date_gmt":"2020-09-10T08:46:57","guid":{"rendered":"https:\/\/divingbled.com\/?page_id=3"},"modified":"2021-02-04T13:15:12","modified_gmt":"2021-02-04T12:15:12","slug":"politika-zasebnosti","status":"publish","type":"page","link":"https:\/\/divingbled.com\/sl\/politika-zasebnosti\/","title":{"rendered":"Politika zasebnosti"},"content":{"rendered":"\n<p>Potaplja\u0161ki klub Zaka Sub Bled spo\u0161tuje va\u0161o zasebnost in se zavezuje, da bo osebne podatke, pridobljene prek spletnega informacijskega sistema, skrbno varovala in jih brez va\u0161e privolitve ne bo posredoval tretji osebi oziroma jih uporabil v druge namene. Ker obstajajo v spletnem informacijskem sistemu dolo\u010dene povezave na druge, zunanje spletne strani, ki niso vezane na na\u0161e podjetje, ne prevzemamo nobene odgovornosti za za\u0161\u010dito podatkov na teh spletnih straneh. Potaplja\u0161ki klub Zaka Sub Bled se zavezuje, da bo po svojih najbolj\u0161ih mo\u017enih mo\u010deh varoval podatke in zasebnost obiskovalcev spletnih strani. Da bi prepre\u010dili nepoobla\u0161\u010den dostop do pridobljenih podatkov ali njihovo razkritje, ohranili natan\u010dnost osebnih podatkov in zagotovili njihovo ustrezno uporabo, uporabljamo ustrezne tehni\u010dne in organizacijske postopke za zavarovanje podatkov, ki jih zbiramo.<\/p>\n\n\n\n<h3>Pi\u0161kotki (ang. cookie)<\/h3>\n\n\n\n<h4>Kaj je pi\u0161kotek (angl. cookie)<\/h4>\n\n\n\n<p>Pi\u0161kotki so datoteke, ki jih spletna mesta ustvarijo med obiskom. Spletna mesta v pi\u0161kotke shranijo v naprave uporabnikov z namenom prepoznavanja nastavitev za spletno mesto, podatkov o profilu in drugih podatkov, ki jih je uporabnik uporabil pri dostopu. Njihovo shranjevanje se nadzira s pomo\u010djo nastavitev brskalnika, ki jih lahko uporabnik po \u017eelji spreminja, torej omogo\u010di ali onemogo\u010di. Sam pi\u0161kotek ne vsebuje ali zbira informacij. Pi\u0161kotki so lahko shranjeni razli\u010dno dolgo, le za trajanje seje brskanja ali pa veliko dlje. Pi\u0161kotki, ki jih uporabljamo na na\u0161i spletni strani, ne zbirajo va\u0161ih osebnih podatkov, s katerimi bi vas bilo mogo\u010de osebno prepoznati in ne morejo po\u0161kodovati va\u0161ega ra\u010dunalnika, tablice ali mobilnega telefona.<\/p>\n\n\n\n<p>Za\u010dasni ali sejni pi\u0161kotki (session cookies) so name\u0161\u010deni, ko uporabnik odpre brskalnik, pa do trenutka, ko sejo kon\u010da in zapre brskalnik, s tem se pi\u0161kotek izbri\u0161e. Spletna mesta jih uporabljajo za shranjevanje za\u010dasnih informacij, na primer elementov v nakupovalnem vozi\u010dku, za ve\u010djo varnost pri spletnem ban\u010dni\u0161tvu, itd. Ker so taki pi\u0161kotki shranjeni za kraj\u0161i \u010das, je njihova invazivnost za zasebnost uporabnika lahko manj\u0161a.<\/p>\n\n\n\n<p>Trajni ali shranjeni pi\u0161kotki (persistent cookies) za shranjevanje trajnih informacij o obisku, izbranih mo\u017enostih, registraciji, nastavitvah jezika strani, gradnjo profilov uporabnikov, analiziranje prometa idr., ki bodo znova uporabljene ob naslednjem obisku spletne strani. Uporabljeni trajni pi\u0161kotki ostanejo shranjeni, tudi ko uporabnik zapre brskalnik in zaklju\u010di sejo. Trajni pi\u0161kotki lahko v ra\u010dunalniku ostanejo ve\u010d dni, mesecev ali celo let.<\/p>\n\n\n\n<p>Lastni pi\u0161kotki (1st party cookies) so pi\u0161kotki spletnega mesta, ki si ga uporabnik ogleduje, in so lahko trajni ali za\u010dasni. Spletna mesta te pi\u0161kotke uporabljajo za shranjevanje informacij, ki jih bodo znova uporabila, ko uporabnik naslednji\u010d obi\u0161\u010de to mesto. Uporabljeni lastni pi\u0161kotki vklju\u010dujejo tudi obvezne pi\u0161kotke, nujni za zagotovitev storitev, ki jih uporabnik zahteva in dostop do varnih obmo\u010dij spletnih strani.<\/p>\n\n\n\n<p>Drugi pi\u0161kotki (3rd party cookies) izvirajo od drugih, partnerskih, spletnih mest (ki na primer prikazujejo oglase na izvirni spletni strani ali merijo promet). Tretje strani lahko na ta na\u010din zbirajo podatke o uporabnikih iz razli\u010dnih spletnih mest in jih uporabljajo za razli\u010dne namene, od ogla\u0161evanja, analitike pa do izbolj\u0161ave svojih produktov. Taki pi\u0161kotki predstavljajo ve\u010dji poseg v zasebnost uporabnika. Druge pi\u0161kotke obi\u010dajno nalo\u017eijo tudi vdelani elementi npr. oglasi, videi in vti\u010dniki socialnih omre\u017eij.<\/p>\n\n\n\n<h4>Katere pi\u0161kotke uporabljamo mi?<\/h4>\n\n\n\n<figure class=\"wp-block-table is-style-stripes\"><table><thead><tr><th>Ime pi\u0161kotka<\/th><th>Trajanje<\/th><th>Opis\/Namen<\/th><th>Kje se nahaja<\/th><\/tr><\/thead><tbody><tr><td>PHPSESSID<\/td><td>Trajanje seje<\/td><td>Osnovno delovanje spletnih strani<\/td><td>Vse strani<\/td><\/tr><tr><td>cc_cookie_accept<\/td><td>1 leto<\/td><td>Shrani uporabnikove nastavitve<\/td><td>Vse strani<\/td><\/tr><tr><td>cc_cookie_decline<\/td><td>1 leto<\/td><td>Shrani uporabnikove nastavitve<\/td><td>Vse strani<\/td><\/tr><tr><td>_ga<\/td><td>2 leti<\/td><td>Parameter za vodenje statistik ogleda strani<\/td><td>Vse strani<\/td><\/tr><\/tbody><\/table><\/figure>\n\n\n\n<h4>Priglasitev<\/h4>\n\n\n\n<p>Z uporabo tega spletnega mesta se strinjate, da to spletno mesto nastavi pi\u0161kotke na va\u0161em ra\u010dunalniku ali mobilni napravi.<\/p>\n\n\n\n<h4>Upravljanje in brisanje pi\u0161kotkov<\/h4>\n\n\n\n<p>Obstaja ve\u010d na\u010dinov za upravljanje in nadzor nad va\u0161imi nastavitvami za pi\u0161kotke. Z izbrisom ali blokiranjem pi\u0161kotkov vse ali nekatere spletne strani, ki jih boste obiskali, ne bodo delovale pravilno ali enako u\u010dinkovito. Za upravljanje pi\u0161kotkov vam ve\u010dina brskalnikov omogo\u010da, da sprejmete ali zavrnete vse pi\u0161kotke, sprejmete samo dolo\u010deno vrsto pi\u0161kotkov ali pa vas opozori, da stran \u017eeli shraniti pi\u0161kotek. Prav tako lahko izklju\u010dite posamezne ogla\u0161evalne pi\u0161kotke tretjih oseb. \u010ce spremenite va\u0161e nastavitve za pi\u0161kotke v va\u0161em spletnem brskalniku, bodo, razen \u010de izbri\u0161ete ali blokirate vsak pi\u0161kotek posebej, spremembe veljale za vse spletne strani, ki jih obiskujete, in ne le za na\u0161e spletne strani. Prav tako boste morali prilagoditi svoje pi\u0161kotke za vsak brskalnik posebej. Informacije o pi\u0161kotkih se v spletnem brskalniku obi\u010dajno nahajajo v razdelku &#8220;Pomo\u010d&#8221;. Spodaj so povezave do razdelka &#8220;Pomo\u010d&#8221; v nekaterih najpogosteje rabljenih spletnih brskalnikih:<\/p>\n\n\n\n<ul><li>Microsoft Internet Explorer &#8211; https:\/\/support.microsoft.com\/kb\/196955<\/li><li>Mozilla Firefox &#8211; https:\/\/support.mozilla.org\/en-US\/kb\/cookies-information-websites-store-on-your-computer?redirectlocale=en-US&amp;redirectslug=Cookies<\/li><li>Google Chrome &#8211; https:\/\/support.google.com\/chrome\/bin\/answer.py?hl=en&amp;answer=95647<\/li><li>Apple Safari &#8211; https:\/\/www.apple.com\/support\/safari\/<\/li><li>Opera &#8211; https:\/\/www.opera.com\/browser\/tutorials\/security\/privacy\/<\/li><li>Google Android &#8211; https:\/\/support.google.com\/android\/?hl=en<\/li><\/ul>\n\n\n\n<h4>Izklju\u010ditev pi\u0161kotkov od drugod<\/h4>\n\n\n\n<p>Pi\u0161kotke, ki so v uporabi na na\u0161i spletni strani, lahko onemogo\u010dite tudi po navodilih z namestitvijo posebnega dodatka (Opt-out Browser Add-on). Navodila za njegovo namestitev se nahajajo na spodnji povezavi:<\/p>\n\n\n\n<ul><li>Google Analytics &#8211; https:\/\/tools.google.com\/dlpage\/gaoptout <\/li><\/ul>\n\n\n\n<p>\u010ce spremenite ali izbri\u0161ete brskalnikovo datoteko s pi\u0161kotki, spremenite ali nagradite va\u0161 brskalnik ali napravo, boste morda morali ponovno onemogo\u010diti pi\u0161kotke.<\/p>\n\n\n\n<h4>Upravljavec pi\u0161kotkov<\/h4>\n\n\n\n<p>Name\u0161\u010deni smo v Veliki Zaki, tik ob pla\u017ei Blejskega jezera. <\/p>\n\n\n\n<p>Potaplja\u0161ki klub \u201cZaka SUB Bled\u201d, Kidri\u010deva c., 10C, 4260 Bled<\/p>\n\n\n\n<p>Lahko nas pokli\u010dete na: +386\/40-422-407<\/p>\n\n\n\n<p>Lahko nam pi\u0161ete na: info@divingbled.com<\/p>\n\n\n\n<p>Lahko nam tudi po\u0161lje\u0161 sporo\u010dilo <a href=\"https:\/\/divingbled.com\/sl\/kontakt\/\">tukaj<\/a>.<\/p>\n","protected":false},"excerpt":{"rendered":"<p>Potaplja\u0161ki klub Zaka Sub Bled spo\u0161tuje va\u0161o zasebnost in se zavezuje, da bo osebne podatke, pridobljene prek spletnega informacijskega sistema, skrbno varovala in jih brez va\u0161e privolitve ne bo posredoval tretji osebi oziroma jih uporabil v druge namene. Ker obstajajo v spletnem informacijskem sistemu dolo\u010dene povezave na druge, zunanje spletne strani, ki niso vezane na &hellip;<\/p>\n<p class=\"read-more\"> <a class=\"\" href=\"https:\/\/divingbled.com\/sl\/politika-zasebnosti\/\"> <span class=\"screen-reader-text\">Politika zasebnosti<\/span> Read More &raquo;<\/a><\/p>\n","protected":false},"author":1,"featured_media":0,"parent":0,"menu_order":0,"comment_status":"closed","ping_status":"closed","template":"","meta":[],"_links":{"self":[{"href":"https:\/\/divingbled.com\/sl\/wp-json\/wp\/v2\/pages\/3"}],"collection":[{"href":"https:\/\/divingbled.com\/sl\/wp-json\/wp\/v2\/pages"}],"about":[{"href":"https:\/\/divingbled.com\/sl\/wp-json\/wp\/v2\/types\/page"}],"author":[{"embeddable":true,"href":"https:\/\/divingbled.com\/sl\/wp-json\/wp\/v2\/users\/1"}],"replies":[{"embeddable":true,"href":"https:\/\/divingbled.com\/sl\/wp-json\/wp\/v2\/comments?post=3"}],"version-history":[{"count":6,"href":"https:\/\/divingbled.com\/sl\/wp-json\/wp\/v2\/pages\/3\/revisions"}],"predecessor-version":[{"id":2380,"href":"https:\/\/divingbled.com\/sl\/wp-json\/wp\/v2\/pages\/3\/revisions\/2380"}],"wp:attachment":[{"href":"https:\/\/divingbled.com\/sl\/wp-json\/wp\/v2\/media?parent=3"}],"curies":[{"name":"wp","href":"https:\/\/api.w.org\/{rel}","templated":true}]}}